{"id":5483,"date":"2020-06-15T16:40:12","date_gmt":"2020-06-15T14:40:12","guid":{"rendered":"https:\/\/fonact.com\/?page_id=5483"},"modified":"2025-04-22T16:22:43","modified_gmt":"2025-04-22T14:22:43","slug":"contact","status":"publish","type":"page","link":"https:\/\/fonact.com\/fr\/contact\/","title":{"rendered":"Contact"},"content":{"rendered":"<div class=\"mkdf-row-grid-section-wrapper\"  style=\"background-image: url(https:\/\/fonact.com\/wp-content\/uploads\/2025\/04\/FONACT_16_Contact_1.jpg)\"><div class=\"mkdf-row-grid-section\"><div class=\"vc_row wpb_row vc_row-fluid full-img-text-align-left-09 section-space vc_row-o-full-height vc_row-o-columns-middle vc_row-flex\" ><div class=\"wpb_column vc_column_container vc_col-sm-12\"><div class=\"vc_column-inner\"><div class=\"wpb_wrapper\"><div class=\"mkdf-elements-holder    mkdf-one-column  mkdf-responsive-mode-768\" ><div class=\"mkdf-eh-item\"  data-item-class=\"mkdf-eh-custom-7757\" data-1366-1600=\"139px 57% 154px 0\" data-1024-1366=\"30px 56% 10px 0\" data-768-1024=\"91px 41% 114px 0\" data-680-768=\"93px 41% 114px 0\" data-680=\"17px 3% 34px 0\">\n\t<div class=\"mkdf-eh-item-inner\">\n\t\t<div class=\"mkdf-eh-item-content mkdf-eh-custom-7757\" >\n\t\t\t<div class=\"mkdf-section-title-holder  mkdf-st-standard mkdf-st-title-left mkdf-st-normal-space\" >\n\t<div class=\"mkdf-st-inner\">\n\t\t\t\t\t<h1 class=\"mkdf-st-title\" style=\"color: #ffffff\">\n\t\t\t\tPrenez contact\t\t\t<\/h1>\n\t\t\t\t\t<\/div>\n<\/div><div class=\"mkdf-section-title-holder  mkdf-st-standard mkdf-st-title-left mkdf-st-normal-space\" >\n\t<div class=\"mkdf-st-inner\">\n\t\t\t\t\t\t\t<p class=\"mkdf-st-text\" style=\"color: #ffffff\">\n\t\t\t\tPour toute question ou information compl\u00e9mentaire, veuillez remplir le formulaire de contact ci-dessous et un membre de l\u2019\u00e9quipe vous contactera.\t\t\t<\/p>\n\t\t\t<\/div>\n<\/div>\t\t<\/div>\n\t<\/div>\n<\/div><\/div><\/div><\/div><\/div><\/div><\/div><\/div><div class=\"mkdf-row-grid-section-wrapper\"  ><div class=\"mkdf-row-grid-section\"><div class=\"vc_row wpb_row vc_row-fluid contact-box-img-14 columns-space vc_custom_1593604507613 vc_row-has-fill\" ><div class=\"column-space wpb_column vc_column_container vc_col-sm-6\"><div class=\"vc_column-inner\"><div class=\"wpb_wrapper\"><div class=\"mkdf-elements-holder    mkdf-two-columns  mkdf-responsive-mode-1024\" ><div class=\"mkdf-eh-item\"  data-item-class=\"mkdf-eh-custom-5805\" data-768-1024=\"0px 26% 68px 14.1%\" data-680-768=\"0px 26% 68px 14.1%\" data-680=\"0px 9% 68px 2%\">\n\t<div class=\"mkdf-eh-item-inner\">\n\t\t<div class=\"mkdf-eh-item-content mkdf-eh-custom-5805\" style=\"padding: 0 9% 0 14.1%\">\n\t\t\t\n\t<div class=\"wpb_text_column wpb_content_element\" >\n\t\t<div class=\"wpb_wrapper\">\n\t\t\t<h3>Contactez-nous<\/h3>\n<p>Nous sommes toujours ravis d\u2019\u00e9changer avec ceux qui partagent notre passion pour les arts dramatiques. Que vous soyez un futur \u00e9tudiant, un parent, un professionnel du th\u00e9\u00e2tre, un m\u00e9c\u00e8ne ou simplement un amateur d\u2019art, n\u2019h\u00e9sitez pas \u00e0 nous contacter.<\/p>\n\n\t\t<\/div>\n\t<\/div>\n\n\t<div class=\"wpb_text_column wpb_content_element\" >\n\t\t<div class=\"wpb_wrapper\">\n\t\t\t<h5><a href=\"mailto:applications@fonact.com\" target=\"_blank\" rel=\"noopener\">applications@fonact.com<\/a><\/h5>\n\n\t\t<\/div>\n\t<\/div>\n\t\t<\/div>\n\t<\/div>\n<\/div><\/div><\/div><\/div><\/div><div class=\"img-contact-box wpb_column vc_column_container vc_col-sm-6\"><div class=\"vc_column-inner\"><div class=\"wpb_wrapper\"><div class=\"mkdf-elements-holder    mkdf-two-columns  mkdf-responsive-mode-1024\" ><div class=\"mkdf-eh-item\"  data-item-class=\"mkdf-eh-custom-9733\" data-768-1024=\"0px 26% 68px 14.1%\" data-680-768=\"0px 26% 68px 14.1%\" data-680=\"0px 9% 68px 2%\">\n\t<div class=\"mkdf-eh-item-inner\">\n\t\t<div class=\"mkdf-eh-item-content mkdf-eh-custom-9733\" >\n\t\t\t<div class=\"mkdf-single-image-holder\">\n    <div class=\"mkdf-si-inner\" >\n                                    <img loading=\"lazy\" decoding=\"async\" width=\"1417\" height=\"898\" src=\"https:\/\/fonact.com\/wp-content\/uploads\/2020\/06\/fonact-front.jpeg\" class=\"attachment-full size-full\" alt=\"\" srcset=\"https:\/\/fonact.com\/wp-content\/uploads\/2020\/06\/fonact-front.jpeg 1417w, https:\/\/fonact.com\/wp-content\/uploads\/2020\/06\/fonact-front-257x163.jpeg 257w, https:\/\/fonact.com\/wp-content\/uploads\/2020\/06\/fonact-front-1057x670.jpeg 1057w, https:\/\/fonact.com\/wp-content\/uploads\/2020\/06\/fonact-front-768x487.jpeg 768w, https:\/\/fonact.com\/wp-content\/uploads\/2020\/06\/fonact-front-600x380.jpeg 600w\" sizes=\"auto, (max-width: 1417px) 100vw, 1417px\" \/>                        <\/div>\n<\/div>\t\t<\/div>\n\t<\/div>\n<\/div><\/div><\/div><\/div><\/div><\/div><\/div><\/div><div class=\"mkdf-row-grid-section-wrapper mkdf-content-aligment-left\"  ><div class=\"mkdf-row-grid-section\"><div class=\"vc_row wpb_row vc_row-fluid map-and-address-17 section-space\" ><div class=\"wpb_column vc_column_container vc_col-sm-12 vc_col-has-fill\"><div class=\"vc_column-inner vc_custom_1740493092609\"><div class=\"wpb_wrapper\"><div class=\"mkdf-elements-holder    mkdf-one-column  mkdf-responsive-mode-768\" ><div class=\"mkdf-eh-item bloc-on-map\" style=\"background-color: #ffffff\" data-item-class=\"mkdf-eh-custom-2100\">\n\t<div class=\"mkdf-eh-item-inner\">\n\t\t<div class=\"mkdf-eh-item-content mkdf-eh-custom-2100\" >\n\t\t\t<div class=\"mkdf-section-title-holder space-text mkdf-st-standard mkdf-st-title-left mkdf-st-normal-space\" >\n\t<div class=\"mkdf-st-inner\">\n\t\t\t\t\t<h4 class=\"mkdf-st-title\" style=\"color: #0a0a0a\">\n\t\t\t\tAdresse :\t\t\t<\/h4>\n\t\t\t\t\t\t\t<p class=\"mkdf-st-text\" >\n\t\t\t\tCampus Fontainebleau<br \/>\n57 Rue de France,<br \/>\n77300 Fontainebleau<br \/>\nFrance<br \/>\n-<br \/>\nAth\u00e8nes Campus<br \/>\nPar Parasiou 3,<br \/>\n104 40 Ath\u00e8nes\t\t\t<\/p>\n\t\t\t<\/div>\n<\/div><div class=\"mkdf-section-title-holder  mkdf-st-standard mkdf-st-title-left mkdf-st-normal-space\" >\n\t<div class=\"mkdf-st-inner\">\n\t\t\t\t\t<h4 class=\"mkdf-st-title\" style=\"color: #0a0a0a\">\n\t\t\t\tT\u00e9l\u00e9phone :\t\t\t<\/h4>\n\t\t\t\t\t\t\t<p class=\"mkdf-st-text\" >\n\t\t\t\t+33 (0) 1 64 22 56 28\t\t\t<\/p>\n\t\t\t<\/div>\n<\/div>\t\t<\/div>\n\t<\/div>\n<\/div><\/div><\/div><\/div><\/div><\/div><\/div><\/div><div class=\"mkdf-row-grid-section-wrapper mkdf-content-aligment-center\"  ><div class=\"mkdf-row-grid-section\"><div class=\"vc_row wpb_row vc_row-fluid filled-bloc-text-button-05 section-space\" ><div data-vc-parallax=\"1.5\" data-vc-parallax-image=\"https:\/\/fonact.com\/wp-content\/uploads\/2020\/06\/fees-and-application.png\" class=\"wpb_column vc_column_container vc_col-sm-12 vc_col-has-fill vc_general vc_parallax vc_parallax-content-moving\"><div class=\"vc_column-inner vc_custom_1593180583353\"><div class=\"wpb_wrapper\"><div class=\"mkdf-section-title-holder space-text mkdf-st-standard mkdf-st-title-left mkdf-st-normal-space\" >\n\t<div class=\"mkdf-st-inner\">\n\t\t\t\t\t<h2 class=\"mkdf-st-title\" style=\"color: #ffffff\">\n\t\t\t\tAdmissions\t\t\t<\/h2>\n\t\t\t\t\t<\/div>\n<\/div><a itemprop=\"url\" href=\"\/fr\/fees-and-application\/\" target=\"_self\" style=\"color: #ffffff;text-transform: none\" class=\"mkdf-btn mkdf-btn-small mkdf-btn-outline mkdf-btn-custom-hover-bg mkdf-btn-custom-hover-color mkdf-btn-animation\" data-hover-color=\"#000000\" data-hover-bg-color=\"#ffffff\" >\n\t\t\t<span class=\"mkdf-btn-lines\">\n\t\t\t<span class=\"mkdf-btn-line\" style=\"border-color: #ffffff;stroke: #ffffff\"><\/span>\n\t\t\t<span class=\"mkdf-btn-line\" style=\"border-color: #ffffff;stroke: #ffffff\"><\/span>\n\t\t\t<span class=\"mkdf-btn-line\" style=\"border-color: #ffffff;stroke: #ffffff\"><\/span>\n\t\t\t<span class=\"mkdf-btn-line\" style=\"border-color: #ffffff;stroke: #ffffff\"><\/span>\n\t\t<\/span>\n\t\t<span class=\"mkdf-btn-text\">En savoir plus<\/span>\n    <\/a><\/div><\/div><\/div><\/div><\/div><\/div>","protected":false},"excerpt":{"rendered":"Get in Touch If you have any questions or would like more information, please fill in the contact form below and a member of the team will get back to you. Contact Us We are always delighted to hear from those who share our passion for the dramatic arts. Whether you're a prospective student, a parent, a theatre [...]","protected":false},"author":1,"featured_media":6134,"parent":0,"menu_order":0,"comment_status":"closed","ping_status":"closed","template":"full-width.php","meta":{"_acf_changed":false,"footnotes":""},"class_list":["post-5483","page","type-page","status-publish","has-post-thumbnail","hentry"],"acf":[],"yoast_head":"<!-- This site is optimized with the Yoast SEO plugin v26.7 - https:\/\/yoast.com\/wordpress\/plugins\/seo\/ -->\n<title>Contact - Fontainebleau School of Acting<\/title>\n<meta name=\"description\" content=\"The Fontainebleau School of Acting is an international school for motivated actors with a desire to progress their training. Our courses allow you to focus on your craft with highly qualified teachers, actors and directors. At Fonact you will enjoy a dedicated, full-time, preparatory acting program designed to inspire and prepare you for auditions.\" \/>\n<meta name=\"robots\" content=\"index, follow, max-snippet:-1, max-image-preview:large, max-video-preview:-1\" \/>\n<link rel=\"canonical\" href=\"https:\/\/fonact.com\/fr\/contact\/\" \/>\n<meta property=\"og:locale\" content=\"fr_FR\" \/>\n<meta property=\"og:type\" content=\"article\" \/>\n<meta property=\"og:title\" content=\"Contact - Fontainebleau School of Acting\" \/>\n<meta property=\"og:description\" content=\"The Fontainebleau School of Acting is an international school for motivated actors with a desire to progress their training. Our courses allow you to focus on your craft with highly qualified teachers, actors and directors. At Fonact you will enjoy a dedicated, full-time, preparatory acting program designed to inspire and prepare you for auditions.\" \/>\n<meta property=\"og:url\" content=\"https:\/\/fonact.com\/fr\/contact\/\" \/>\n<meta property=\"og:site_name\" content=\"Fontainebleau School of Acting\" \/>\n<meta property=\"article:modified_time\" content=\"2025-04-22T14:22:43+00:00\" \/>\n<meta name=\"twitter:card\" content=\"summary_large_image\" \/>\n<meta name=\"twitter:label1\" content=\"Dur\u00e9e de lecture estim\u00e9e\" \/>\n\t<meta name=\"twitter:data1\" content=\"2 minutes\" \/>\n<script type=\"application\/ld+json\" class=\"yoast-schema-graph\">{\"@context\":\"https:\/\/schema.org\",\"@graph\":[{\"@type\":\"WebPage\",\"@id\":\"https:\/\/fonact.com\/contact\/\",\"url\":\"https:\/\/fonact.com\/contact\/\",\"name\":\"Contact - Fontainebleau School of Acting\",\"isPartOf\":{\"@id\":\"https:\/\/fonact.com\/#website\"},\"primaryImageOfPage\":{\"@id\":\"https:\/\/fonact.com\/contact\/#primaryimage\"},\"image\":{\"@id\":\"https:\/\/fonact.com\/contact\/#primaryimage\"},\"thumbnailUrl\":\"https:\/\/fonact.com\/wp-content\/uploads\/2020\/06\/fees-and-application.png\",\"datePublished\":\"2020-06-15T14:40:12+00:00\",\"dateModified\":\"2025-04-22T14:22:43+00:00\",\"description\":\"The Fontainebleau School of Acting is an international school for motivated actors with a desire to progress their training. Our courses allow you to focus on your craft with highly qualified teachers, actors and directors. At Fonact you will enjoy a dedicated, full-time, preparatory acting program designed to inspire and prepare you for auditions.\",\"breadcrumb\":{\"@id\":\"https:\/\/fonact.com\/contact\/#breadcrumb\"},\"inLanguage\":\"fr-FR\",\"potentialAction\":[{\"@type\":\"ReadAction\",\"target\":[\"https:\/\/fonact.com\/contact\/\"]}]},{\"@type\":\"ImageObject\",\"inLanguage\":\"fr-FR\",\"@id\":\"https:\/\/fonact.com\/contact\/#primaryimage\",\"url\":\"https:\/\/fonact.com\/wp-content\/uploads\/2020\/06\/fees-and-application.png\",\"contentUrl\":\"https:\/\/fonact.com\/wp-content\/uploads\/2020\/06\/fees-and-application.png\",\"width\":1799,\"height\":1027},{\"@type\":\"BreadcrumbList\",\"@id\":\"https:\/\/fonact.com\/contact\/#breadcrumb\",\"itemListElement\":[{\"@type\":\"ListItem\",\"position\":1,\"name\":\"Home\",\"item\":\"https:\/\/fonact.com\/\"},{\"@type\":\"ListItem\",\"position\":2,\"name\":\"Contact\"}]},{\"@type\":\"WebSite\",\"@id\":\"https:\/\/fonact.com\/#website\",\"url\":\"https:\/\/fonact.com\/\",\"name\":\"Fontainebleau School of Acting\",\"description\":\"\",\"potentialAction\":[{\"@type\":\"SearchAction\",\"target\":{\"@type\":\"EntryPoint\",\"urlTemplate\":\"https:\/\/fonact.com\/?s={search_term_string}\"},\"query-input\":{\"@type\":\"PropertyValueSpecification\",\"valueRequired\":true,\"valueName\":\"search_term_string\"}}],\"inLanguage\":\"fr-FR\"}]}<\/script>\n<!-- \/ Yoast SEO plugin. -->","yoast_head_json":{"title":"Contact - Fontainebleau School of Acting","description":"The Fontainebleau School of Acting is an international school for motivated actors with a desire to progress their training. Our courses allow you to focus on your craft with highly qualified teachers, actors and directors. At Fonact you will enjoy a dedicated, full-time, preparatory acting program designed to inspire and prepare you for auditions.","robots":{"index":"index","follow":"follow","max-snippet":"max-snippet:-1","max-image-preview":"max-image-preview:large","max-video-preview":"max-video-preview:-1"},"canonical":"https:\/\/fonact.com\/fr\/contact\/","og_locale":"fr_FR","og_type":"article","og_title":"Contact - Fontainebleau School of Acting","og_description":"The Fontainebleau School of Acting is an international school for motivated actors with a desire to progress their training. Our courses allow you to focus on your craft with highly qualified teachers, actors and directors. At Fonact you will enjoy a dedicated, full-time, preparatory acting program designed to inspire and prepare you for auditions.","og_url":"https:\/\/fonact.com\/fr\/contact\/","og_site_name":"Fontainebleau School of Acting","article_modified_time":"2025-04-22T14:22:43+00:00","twitter_card":"summary_large_image","twitter_misc":{"Dur\u00e9e de lecture estim\u00e9e":"2 minutes"},"schema":{"@context":"https:\/\/schema.org","@graph":[{"@type":"WebPage","@id":"https:\/\/fonact.com\/contact\/","url":"https:\/\/fonact.com\/contact\/","name":"Contact - Fontainebleau School of Acting","isPartOf":{"@id":"https:\/\/fonact.com\/#website"},"primaryImageOfPage":{"@id":"https:\/\/fonact.com\/contact\/#primaryimage"},"image":{"@id":"https:\/\/fonact.com\/contact\/#primaryimage"},"thumbnailUrl":"https:\/\/fonact.com\/wp-content\/uploads\/2020\/06\/fees-and-application.png","datePublished":"2020-06-15T14:40:12+00:00","dateModified":"2025-04-22T14:22:43+00:00","description":"The Fontainebleau School of Acting is an international school for motivated actors with a desire to progress their training. Our courses allow you to focus on your craft with highly qualified teachers, actors and directors. At Fonact you will enjoy a dedicated, full-time, preparatory acting program designed to inspire and prepare you for auditions.","breadcrumb":{"@id":"https:\/\/fonact.com\/contact\/#breadcrumb"},"inLanguage":"fr-FR","potentialAction":[{"@type":"ReadAction","target":["https:\/\/fonact.com\/contact\/"]}]},{"@type":"ImageObject","inLanguage":"fr-FR","@id":"https:\/\/fonact.com\/contact\/#primaryimage","url":"https:\/\/fonact.com\/wp-content\/uploads\/2020\/06\/fees-and-application.png","contentUrl":"https:\/\/fonact.com\/wp-content\/uploads\/2020\/06\/fees-and-application.png","width":1799,"height":1027},{"@type":"BreadcrumbList","@id":"https:\/\/fonact.com\/contact\/#breadcrumb","itemListElement":[{"@type":"ListItem","position":1,"name":"Home","item":"https:\/\/fonact.com\/"},{"@type":"ListItem","position":2,"name":"Contact"}]},{"@type":"WebSite","@id":"https:\/\/fonact.com\/#website","url":"https:\/\/fonact.com\/","name":"Fontainebleau School of Acting","description":"","potentialAction":[{"@type":"SearchAction","target":{"@type":"EntryPoint","urlTemplate":"https:\/\/fonact.com\/?s={search_term_string}"},"query-input":{"@type":"PropertyValueSpecification","valueRequired":true,"valueName":"search_term_string"}}],"inLanguage":"fr-FR"}]}},"_links":{"self":[{"href":"https:\/\/fonact.com\/fr\/wp-json\/wp\/v2\/pages\/5483","targetHints":{"allow":["GET"]}}],"collection":[{"href":"https:\/\/fonact.com\/fr\/wp-json\/wp\/v2\/pages"}],"about":[{"href":"https:\/\/fonact.com\/fr\/wp-json\/wp\/v2\/types\/page"}],"author":[{"embeddable":true,"href":"https:\/\/fonact.com\/fr\/wp-json\/wp\/v2\/users\/1"}],"replies":[{"embeddable":true,"href":"https:\/\/fonact.com\/fr\/wp-json\/wp\/v2\/comments?post=5483"}],"version-history":[{"count":0,"href":"https:\/\/fonact.com\/fr\/wp-json\/wp\/v2\/pages\/5483\/revisions"}],"wp:featuredmedia":[{"embeddable":true,"href":"https:\/\/fonact.com\/fr\/wp-json\/wp\/v2\/media\/6134"}],"wp:attachment":[{"href":"https:\/\/fonact.com\/fr\/wp-json\/wp\/v2\/media?parent=5483"}],"curies":[{"name":"wp","href":"https:\/\/api.w.org\/{rel}","templated":true}]}}