{"id":6544,"date":"2020-07-20T11:33:25","date_gmt":"2020-07-20T09:33:25","guid":{"rendered":"https:\/\/fonact.com\/?page_id=6544"},"modified":"2025-04-22T16:10:48","modified_gmt":"2025-04-22T14:10:48","slug":"student-life","status":"publish","type":"page","link":"https:\/\/fonact.com\/fr\/student-life\/","title":{"rendered":"Vie \u00e9tudiante"},"content":{"rendered":"<div class=\"mkdf-row-grid-section-wrapper\"  style=\"background-image: url(https:\/\/fonact.com\/wp-content\/uploads\/2022\/03\/FONACT_8_StudentLife_1.jpg)\"><div class=\"mkdf-row-grid-section\"><div class=\"vc_row wpb_row vc_row-fluid full-img-text-align-left-09 vc_custom_1745331040492 vc_row-o-full-height vc_row-o-columns-middle vc_row-flex\" ><div class=\"wpb_column vc_column_container vc_col-sm-12\"><div class=\"vc_column-inner\"><div class=\"wpb_wrapper\"><div class=\"mkdf-elements-holder    mkdf-one-column  mkdf-responsive-mode-768\" ><div class=\"mkdf-eh-item\"  data-item-class=\"mkdf-eh-custom-2953\" data-1366-1600=\"139px 57% 154px 0\" data-1024-1366=\"30px 56% 10px 0\" data-768-1024=\"91px 41% 114px 0\" data-680-768=\"93px 41% 114px 0\" data-680=\"17px 3% 34px 0\">\n\t<div class=\"mkdf-eh-item-inner\">\n\t\t<div class=\"mkdf-eh-item-content mkdf-eh-custom-2953\" >\n\t\t\t<div class=\"mkdf-section-title-holder  mkdf-st-standard mkdf-st-title-left mkdf-st-normal-space\" >\n\t<div class=\"mkdf-st-inner\">\n\t\t\t\t\t<h1 class=\"mkdf-st-title\" style=\"color: #ffffff\">\n\t\t\t\tVie \u00e9tudiante\t\t\t<\/h1>\n\t\t\t\t\t<\/div>\n<\/div>\t\t<\/div>\n\t<\/div>\n<\/div><\/div><\/div><\/div><\/div><\/div><\/div><\/div><div class=\"mkdf-row-grid-section-wrapper\"  ><div class=\"mkdf-row-grid-section\"><div class=\"vc_row wpb_row vc_row-fluid title-h5-paragraph-08 section-space\" ><div class=\"wpb_column vc_column_container vc_col-sm-12 vc_col-lg-12\"><div class=\"vc_column-inner\"><div class=\"wpb_wrapper\"><div class=\"mkdf-row-grid-section-wrapper\" ><div class=\"mkdf-row-grid-section\"><div class=\"vc_row wpb_row vc_inner vc_row-fluid title-h5-paragraphe-text\" ><div class=\"wpb_column vc_column_container vc_col-sm-12\"><div class=\"vc_column-inner\"><div class=\"wpb_wrapper\">\n\t<div class=\"wpb_text_column wpb_content_element  title-h5-paragraphe-title small-space-text\" >\n\t\t<div class=\"wpb_wrapper\">\n\t\t\t<h2>Fonact au quotidien<\/h2>\n<p>Fonact est situ\u00e9e au c\u0153ur de la for\u00eat de Fontainebleau, \u00e0 environ une heure de Paris. La ville de Fontainebleau est r\u00e9put\u00e9e pour son ch\u00e2teau historique, autrefois propri\u00e9t\u00e9 des rois de France <a title=\"Palace of Fontainebleau\" href=\"https:\/\/en.wikipedia.org\/wiki\/Palace_of_Fontainebleau\">Ch\u00e2teau de Fontainebleau<\/a>, which once belonged to the\u00a0<a class=\"mw-redirect\" title=\"Kings of France\" href=\"https:\/\/en.wikipedia.org\/wiki\/Kings_of_France\">kings of France<\/a>C\u2019est \u00e9galement le berceau de l\u2019\u00a0<a title=\"INSEAD\" href=\"https:\/\/en.wikipedia.org\/wiki\/INSEAD\">INSEAD<\/a>, l\u2019une des \u00e9coles de commerce international les plus prestigieuses au monde.\n\nLa for\u00eat et le patrimoine culturel exceptionnel de la r\u00e9gion sont inscrits au patrimoine mondial de l\u2019UNESCO et attirent des millions de visiteurs chaque ann\u00e9e.\n\nL\u2019\u00e9cole est situ\u00e9e au centre de Fontainebleau, une ville cosmopolite et anim\u00e9e par de nombreux commerces et restaurants.<\/p>\n<p>Fonact propose un certain nombre de chambres \u00e0 louer directement aux \u00e9tudiants \u00e0 temps plein, sur le principe du premier arriv\u00e9, premier servi.\n\nToutes les autres options de logement sont n\u00e9goci\u00e9es en toute ind\u00e9pendance entre les \u00e9tudiants et les propri\u00e9taires externes.\n\nL\u2019\u00e9cole se tient \u00e0 la disposition des \u00e9l\u00e8ves pour les accompagner dans leur recherche de logement ou leur fournir les documents n\u00e9cessaires \u00e0 cette d\u00e9marche.<\/p>\n<p>\u00c0 noter que les \u00e9tudiants ressortissants de pays hors de l\u2019Union europ\u00e9enne ont besoin d\u2019un passeport en cours de validit\u00e9 et parfois d\u2019un visa pour s\u00e9journer en France.<\/p>\n\n\t\t<\/div>\n\t<\/div>\n\n\t<div class=\"wpb_text_column wpb_content_element  title-h5-paragraphe-title small-space-text\" >\n\t\t<div class=\"wpb_wrapper\">\n\t\t\t<h4 class=\"p1\">Bien \u00eatre \u00e9tudiant<\/h4>\n<p>La sant\u00e9 et la s\u00e9curit\u00e9 de tous, \u00e9tudiants, personnels et autres visiteurs sont une priorit\u00e9 pour Fonact.\n\nLes locaux de l\u2019\u00e9cole sont accessibles pour les formations, toutefois, l\u2019acc\u00e8s en est strictement limit\u00e9 aux visiteurs dont la pr\u00e9sence est indispensable, comme les intervenants ext\u00e9rieurs et les sous-traitants, qui doivent n\u00e9anmoins obtenir une autorisation avant leur arriv\u00e9e.<\/p>\n<p class=\"p1\">La participation aux formations intensives peut parfois s\u2019av\u00e9rer difficile et stressante, c\u2019est pourquoi Fonact, soucieuse du bien-\u00eatre des \u00e9tudiants, a mis en place un certain nombre de services pour s\u2019assurer que chacun se sente encadr\u00e9 et soutenu tout au long de sa formation.<span class=\"Apple-converted-space\">\u00a0<\/span><\/p>\n<p class=\"p1\">Nous savons, notamment, \u00e0 quel point il est important de disposer d\u2019espaces calmes, s\u00e9curis\u00e9s et propices \u00e0 la r\u00e9flexion pour affronter les d\u00e9fis li\u00e9s \u00e0 la formation, comme ceux de la vie personnelle au-del\u00e0 des cours et des r\u00e9p\u00e9titions.\n\nNous proposons une gamme compl\u00e8te de services de soutien, con\u00e7us pour assurer le bien-\u00eatre de chacun :<span class=\"Apple-converted-space\">\u00a0<\/span><\/p>\n<ul class=\"ul1\">\n<li class=\"li2\">Conseil<\/li>\n<li class=\"li2\">Physioth\u00e9rapie<\/li>\n<li class=\"li2\">Accompagnement \u00e0 l\u2019h\u00e9bergement<\/li>\n<li class=\"li2\">Soutien aux \u00e9tudiants internationaux<\/li>\n<\/ul>\n<h4><\/h4>\n<p>&nbsp;<\/p>\n<h4 class=\"p1\">Egalit\u00e9, diversit\u00e9 et antiracisme<\/h4>\n<p class=\"p1\">Comme en t\u00e9moigne l\u2019actualit\u00e9 internationale r\u00e9cente, des mesures urgentes doivent \u00eatre prises dans la lutte contre le racisme.\n\nFonact est totalement acquise \u00e0 la cause du mouvement mondial Black Lives Matter et \u00e0 la lutte contre le racisme syst\u00e9mique.<\/p>\n<p class=\"p1\">Dans ce contexte, nous nous effor\u00e7ons de cr\u00e9er un environnement dans lequel les pr\u00e9jug\u00e9s inconscients sont d\u00e9construits et dans lequel le racisme et les pr\u00e9jug\u00e9s ne sont jamais tol\u00e9r\u00e9s.\n\nNous nous engageons en faveur de ce mouvement et de la communaut\u00e9 LGBTQ+ avec la m\u00eame passion que celle qui anime l\u2019activit\u00e9 de Fonact.\n\nNous avons mis en place des politiques claires et transparentes ainsi qu\u2019un comit\u00e9 de la diversit\u00e9 pour assurer la diversit\u00e9 et l\u2019\u00e9galit\u00e9 des chances. Ce comit\u00e9 se r\u00e9unit deux fois par an pour \u00e9tudier les progr\u00e8s accomplis et ceux qu\u2019il convient de poursuivre pour que Fonact continue de grandir, d\u2019\u00e9voluer et d\u2019apprendre.<\/p>\n<p class=\"p1\">Nous recherchons activement des soutiens ext\u00e9rieurs pour continuer \u00e0 nous former et pour identifier les domaines dans lesquels nous pouvons progresser.\n\nNous savons que nous avons encore beaucoup \u00e0 apprendre et nous sommes d\u00e9termin\u00e9s \u00e0 progresser.\n\nNotre programme \u00e0 temps plein accueille tous les artistes du monde entier qui partagent notre amour et notre passion du th\u00e9\u00e2tre.<\/p>\n<p class=\"p1\">\u00c0 mesure que nous nous d\u00e9veloppons, nous tenons \u00e0 assurer la diversit\u00e9 de notre personnel enseignant et de nos \u00e9tudiants.\n\nNous entendons promouvoir un changement r\u00e9el, cr\u00e9er un monde dont nous sommes fiers et un espace dans lequel chaque \u00e9l\u00e8ve puisse s\u2019\u00e9panouir.<\/p>\n<p>&nbsp;<\/p>\n<p class=\"p1\"><b>Nos \u00e9tudiants sont notre priorit\u00e9 absolue<\/b><\/p>\n<p class=\"p1\"><b>Nous disposons d\u2019un conseil de la diversit\u00e9<\/b><\/p>\n<p class=\"p1\"><b>Nous sommes engag\u00e9s dans la lutte contre le racisme<\/b><\/p>\n<p class=\"p1\"><b>Nous jouons et \u00e9tudions par-del\u00e0 les cultures et les origines<\/b><\/p>\n<p class=\"p4\"><b>Nous sommes attach\u00e9s \u00e0 l\u2019\u00e9galit\u00e9 des chances<\/b><\/p>\n\n\t\t<\/div>\n\t<\/div>\n<a itemprop=\"url\" href=\"https:\/\/fonact.com\/wp-content\/uploads\/2022\/01\/Fonact-Policies.pdf\" target=\"_self\" style=\"color: #ffffff;background-color: #0a0a0a\" class=\"mkdf-btn mkdf-btn-medium mkdf-btn-solid mkdf-btn-custom-hover-bg mkdf-btn-custom-hover-color mkdf-btn-animation\" data-hover-color=\"#0a0a0a\" data-hover-bg-color=\"#0a0a0a\" >\n\t\t<span class=\"mkdf-btn-text\">Policies<\/span>\n    <\/a><\/div><\/div><\/div><\/div><\/div><\/div><\/div><\/div><\/div><\/div><\/div><\/div>","protected":false},"excerpt":{"rendered":"Student Life Life at Fonact Fonact is located in the heart of the Fontainebleau forest, about one hour from Paris. Fontainebleau is\u00a0renowned for the historic Ch\u00e2teau de Fontainebleau, which once belonged to the\u00a0kings of France. It is also the home of\u00a0INSEAD, one of the world's most elite international business schools. The region's forest and remarkable cultural heritage are [...]","protected":false},"author":1,"featured_media":6134,"parent":0,"menu_order":0,"comment_status":"closed","ping_status":"closed","template":"full-width.php","meta":{"_acf_changed":false,"footnotes":""},"class_list":["post-6544","page","type-page","status-publish","has-post-thumbnail","hentry"],"acf":[],"yoast_head":"<!-- This site is optimized with the Yoast SEO plugin v26.7 - https:\/\/yoast.com\/wordpress\/plugins\/seo\/ -->\n<title>Student Life - Fontainebleau School of Acting<\/title>\n<meta name=\"description\" content=\"The Fontainebleau School of Acting is an international school for motivated actors with a desire to progress their training. Our courses allow you to focus on your craft with highly qualified teachers, actors and directors. At Fonact you will enjoy a dedicated, full-time, preparatory acting program designed to inspire and prepare you for auditions.\" \/>\n<meta name=\"robots\" content=\"index, follow, max-snippet:-1, max-image-preview:large, max-video-preview:-1\" \/>\n<link rel=\"canonical\" href=\"https:\/\/fonact.com\/fr\/student-life\/\" \/>\n<meta property=\"og:locale\" content=\"fr_FR\" \/>\n<meta property=\"og:type\" content=\"article\" \/>\n<meta property=\"og:title\" content=\"Student Life - Fontainebleau School of Acting\" \/>\n<meta property=\"og:description\" content=\"The Fontainebleau School of Acting is an international school for motivated actors with a desire to progress their training. Our courses allow you to focus on your craft with highly qualified teachers, actors and directors. At Fonact you will enjoy a dedicated, full-time, preparatory acting program designed to inspire and prepare you for auditions.\" \/>\n<meta property=\"og:url\" content=\"https:\/\/fonact.com\/fr\/student-life\/\" \/>\n<meta property=\"og:site_name\" content=\"Fontainebleau School of Acting\" \/>\n<meta property=\"article:modified_time\" content=\"2025-04-22T14:10:48+00:00\" \/>\n<meta name=\"twitter:card\" content=\"summary_large_image\" \/>\n<meta name=\"twitter:label1\" content=\"Dur\u00e9e de lecture estim\u00e9e\" \/>\n\t<meta name=\"twitter:data1\" content=\"3 minutes\" \/>\n<script type=\"application\/ld+json\" class=\"yoast-schema-graph\">{\"@context\":\"https:\/\/schema.org\",\"@graph\":[{\"@type\":\"WebPage\",\"@id\":\"https:\/\/fonact.com\/student-life\/\",\"url\":\"https:\/\/fonact.com\/student-life\/\",\"name\":\"Student Life - Fontainebleau School of Acting\",\"isPartOf\":{\"@id\":\"https:\/\/fonact.com\/#website\"},\"primaryImageOfPage\":{\"@id\":\"https:\/\/fonact.com\/student-life\/#primaryimage\"},\"image\":{\"@id\":\"https:\/\/fonact.com\/student-life\/#primaryimage\"},\"thumbnailUrl\":\"https:\/\/fonact.com\/wp-content\/uploads\/2020\/06\/fees-and-application.png\",\"datePublished\":\"2020-07-20T09:33:25+00:00\",\"dateModified\":\"2025-04-22T14:10:48+00:00\",\"description\":\"The Fontainebleau School of Acting is an international school for motivated actors with a desire to progress their training. Our courses allow you to focus on your craft with highly qualified teachers, actors and directors. At Fonact you will enjoy a dedicated, full-time, preparatory acting program designed to inspire and prepare you for auditions.\",\"breadcrumb\":{\"@id\":\"https:\/\/fonact.com\/student-life\/#breadcrumb\"},\"inLanguage\":\"fr-FR\",\"potentialAction\":[{\"@type\":\"ReadAction\",\"target\":[\"https:\/\/fonact.com\/student-life\/\"]}]},{\"@type\":\"ImageObject\",\"inLanguage\":\"fr-FR\",\"@id\":\"https:\/\/fonact.com\/student-life\/#primaryimage\",\"url\":\"https:\/\/fonact.com\/wp-content\/uploads\/2020\/06\/fees-and-application.png\",\"contentUrl\":\"https:\/\/fonact.com\/wp-content\/uploads\/2020\/06\/fees-and-application.png\",\"width\":1799,\"height\":1027},{\"@type\":\"BreadcrumbList\",\"@id\":\"https:\/\/fonact.com\/student-life\/#breadcrumb\",\"itemListElement\":[{\"@type\":\"ListItem\",\"position\":1,\"name\":\"Home\",\"item\":\"https:\/\/fonact.com\/\"},{\"@type\":\"ListItem\",\"position\":2,\"name\":\"Student Life\"}]},{\"@type\":\"WebSite\",\"@id\":\"https:\/\/fonact.com\/#website\",\"url\":\"https:\/\/fonact.com\/\",\"name\":\"Fontainebleau School of Acting\",\"description\":\"\",\"potentialAction\":[{\"@type\":\"SearchAction\",\"target\":{\"@type\":\"EntryPoint\",\"urlTemplate\":\"https:\/\/fonact.com\/?s={search_term_string}\"},\"query-input\":{\"@type\":\"PropertyValueSpecification\",\"valueRequired\":true,\"valueName\":\"search_term_string\"}}],\"inLanguage\":\"fr-FR\"}]}<\/script>\n<!-- \/ Yoast SEO plugin. -->","yoast_head_json":{"title":"Student Life - Fontainebleau School of Acting","description":"The Fontainebleau School of Acting is an international school for motivated actors with a desire to progress their training. Our courses allow you to focus on your craft with highly qualified teachers, actors and directors. At Fonact you will enjoy a dedicated, full-time, preparatory acting program designed to inspire and prepare you for auditions.","robots":{"index":"index","follow":"follow","max-snippet":"max-snippet:-1","max-image-preview":"max-image-preview:large","max-video-preview":"max-video-preview:-1"},"canonical":"https:\/\/fonact.com\/fr\/student-life\/","og_locale":"fr_FR","og_type":"article","og_title":"Student Life - Fontainebleau School of Acting","og_description":"The Fontainebleau School of Acting is an international school for motivated actors with a desire to progress their training. Our courses allow you to focus on your craft with highly qualified teachers, actors and directors. At Fonact you will enjoy a dedicated, full-time, preparatory acting program designed to inspire and prepare you for auditions.","og_url":"https:\/\/fonact.com\/fr\/student-life\/","og_site_name":"Fontainebleau School of Acting","article_modified_time":"2025-04-22T14:10:48+00:00","twitter_card":"summary_large_image","twitter_misc":{"Dur\u00e9e de lecture estim\u00e9e":"3 minutes"},"schema":{"@context":"https:\/\/schema.org","@graph":[{"@type":"WebPage","@id":"https:\/\/fonact.com\/student-life\/","url":"https:\/\/fonact.com\/student-life\/","name":"Student Life - Fontainebleau School of Acting","isPartOf":{"@id":"https:\/\/fonact.com\/#website"},"primaryImageOfPage":{"@id":"https:\/\/fonact.com\/student-life\/#primaryimage"},"image":{"@id":"https:\/\/fonact.com\/student-life\/#primaryimage"},"thumbnailUrl":"https:\/\/fonact.com\/wp-content\/uploads\/2020\/06\/fees-and-application.png","datePublished":"2020-07-20T09:33:25+00:00","dateModified":"2025-04-22T14:10:48+00:00","description":"The Fontainebleau School of Acting is an international school for motivated actors with a desire to progress their training. Our courses allow you to focus on your craft with highly qualified teachers, actors and directors. At Fonact you will enjoy a dedicated, full-time, preparatory acting program designed to inspire and prepare you for auditions.","breadcrumb":{"@id":"https:\/\/fonact.com\/student-life\/#breadcrumb"},"inLanguage":"fr-FR","potentialAction":[{"@type":"ReadAction","target":["https:\/\/fonact.com\/student-life\/"]}]},{"@type":"ImageObject","inLanguage":"fr-FR","@id":"https:\/\/fonact.com\/student-life\/#primaryimage","url":"https:\/\/fonact.com\/wp-content\/uploads\/2020\/06\/fees-and-application.png","contentUrl":"https:\/\/fonact.com\/wp-content\/uploads\/2020\/06\/fees-and-application.png","width":1799,"height":1027},{"@type":"BreadcrumbList","@id":"https:\/\/fonact.com\/student-life\/#breadcrumb","itemListElement":[{"@type":"ListItem","position":1,"name":"Home","item":"https:\/\/fonact.com\/"},{"@type":"ListItem","position":2,"name":"Student Life"}]},{"@type":"WebSite","@id":"https:\/\/fonact.com\/#website","url":"https:\/\/fonact.com\/","name":"Fontainebleau School of Acting","description":"","potentialAction":[{"@type":"SearchAction","target":{"@type":"EntryPoint","urlTemplate":"https:\/\/fonact.com\/?s={search_term_string}"},"query-input":{"@type":"PropertyValueSpecification","valueRequired":true,"valueName":"search_term_string"}}],"inLanguage":"fr-FR"}]}},"_links":{"self":[{"href":"https:\/\/fonact.com\/fr\/wp-json\/wp\/v2\/pages\/6544","targetHints":{"allow":["GET"]}}],"collection":[{"href":"https:\/\/fonact.com\/fr\/wp-json\/wp\/v2\/pages"}],"about":[{"href":"https:\/\/fonact.com\/fr\/wp-json\/wp\/v2\/types\/page"}],"author":[{"embeddable":true,"href":"https:\/\/fonact.com\/fr\/wp-json\/wp\/v2\/users\/1"}],"replies":[{"embeddable":true,"href":"https:\/\/fonact.com\/fr\/wp-json\/wp\/v2\/comments?post=6544"}],"version-history":[{"count":0,"href":"https:\/\/fonact.com\/fr\/wp-json\/wp\/v2\/pages\/6544\/revisions"}],"wp:featuredmedia":[{"embeddable":true,"href":"https:\/\/fonact.com\/fr\/wp-json\/wp\/v2\/media\/6134"}],"wp:attachment":[{"href":"https:\/\/fonact.com\/fr\/wp-json\/wp\/v2\/media?parent=6544"}],"curies":[{"name":"wp","href":"https:\/\/api.w.org\/{rel}","templated":true}]}}