{"id":8213,"date":"2022-03-13T11:58:15","date_gmt":"2022-03-13T10:58:15","guid":{"rendered":"https:\/\/fonact.com\/?page_id=8213"},"modified":"2025-04-23T17:35:06","modified_gmt":"2025-04-23T15:35:06","slug":"about-athens","status":"publish","type":"page","link":"https:\/\/fonact.com\/fr\/about-athens\/","title":{"rendered":"Campus d\u2019Ath\u00e8nes"},"content":{"rendered":"<div class=\"mkdf-row-grid-section-wrapper\"  style=\"background-image: url(https:\/\/fonact.com\/wp-content\/uploads\/2025\/04\/FONACT_3_AthensCampus_1_mirror.jpg)\"><div class=\"mkdf-row-grid-section\"><div class=\"vc_row wpb_row vc_row-fluid full-img-text-align-left-09 section-space vc_row-o-full-height vc_row-o-columns-middle vc_row-flex\" ><div class=\"wpb_column vc_column_container vc_col-sm-12\"><div class=\"vc_column-inner\"><div class=\"wpb_wrapper\"><div class=\"mkdf-elements-holder    mkdf-one-column  mkdf-responsive-mode-768\" ><div class=\"mkdf-eh-item\"  data-item-class=\"mkdf-eh-custom-1879\" data-1366-1600=\"139px 57% 154px 0\" data-1024-1366=\"30px 56% 10px 0\" data-768-1024=\"91px 41% 114px 0\" data-680-768=\"93px 41% 114px 0\" data-680=\"17px 3% 34px 0\">\n\t<div class=\"mkdf-eh-item-inner\">\n\t\t<div class=\"mkdf-eh-item-content mkdf-eh-custom-1879\" >\n\t\t\t<div class=\"mkdf-section-title-holder  mkdf-st-standard mkdf-st-title-left mkdf-st-normal-space\" >\n\t<div class=\"mkdf-st-inner\">\n\t\t\t\t\t<h1 class=\"mkdf-st-title\" style=\"color: #ffffff\">\n\t\t\t\tCampus d\u2019Ath\u00e8nes\t\t\t<\/h1>\n\t\t\t\t\t<\/div>\n<\/div><div class=\"mkdf-section-title-holder  mkdf-st-standard mkdf-st-title-left mkdf-st-normal-space\" >\n\t<div class=\"mkdf-st-inner\">\n\t\t\t\t\t\t\t<p class=\"mkdf-st-text\" style=\"color: #ffffff;margin-top: 30px\">\n\t\t\t\tAth\u00e8nes, berceau du th\u00e9\u00e2tre occidental, terre ancestrale de g\u00e9n\u00e9rations d\u2019artistes et c\u0153ur battant de la culture europ\u00e9enne, offre un cadre id\u00e9al pour vous \u00e9panouir et faire rayonner votre art dramatique.\t\t\t<\/p>\n\t\t\t<\/div>\n<\/div>\t\t<\/div>\n\t<\/div>\n<\/div><\/div><\/div><\/div><\/div><\/div><\/div><\/div><div class=\"mkdf-row-grid-section-wrapper\"  ><div class=\"mkdf-row-grid-section\"><div class=\"vc_row wpb_row vc_row-fluid title-h5-paragraph-08 section-space\" ><div class=\"wpb_column vc_column_container vc_col-sm-12 vc_col-lg-12\"><div class=\"vc_column-inner\"><div class=\"wpb_wrapper\"><div class=\"mkdf-row-grid-section-wrapper\" ><div class=\"mkdf-row-grid-section\"><div class=\"vc_row wpb_row vc_inner vc_row-fluid title-h5-paragraphe-text\" ><div class=\"wpb_column vc_column_container vc_col-sm-12\"><div class=\"vc_column-inner\"><div class=\"wpb_wrapper\">\n\t<div class=\"wpb_text_column wpb_content_element  title-h5-paragraphe-title small-space-text\" >\n\t\t<div class=\"wpb_wrapper\">\n\t\t\t<h4>Le Berceau du Th\u00e9\u00e2tre Occidental<\/h4>\n\n\t\t<\/div>\n\t<\/div>\n\n\t<div class=\"wpb_text_column wpb_content_element\" >\n\t\t<div class=\"wpb_wrapper\">\n\t\t\t<div>\n<p class=\"TableParagraph\"><span lang=\"EN-US\">Ath\u00e8nes \u2013 berceau du th\u00e9\u00e2tre occidental \u2013 est une ville id\u00e9ale pour accueillir notre tout nouveau campus international. \u00c9tudier au c\u0153ur de cette ville vibrante signifie que vous vous trouvez \u00e0 quelques pas seulement des principaux sites embl\u00e9matiques (l\u2019Acropole, le Parth\u00e9non, le Mus\u00e9e National d\u2019Art Contemporain, etc.), ainsi que d\u2019une multitude de boutiques, restaurants, bars et lieux de vie nocturne.<\/span><\/p>\n<\/div>\n<div>\n<p class=\"TableParagraph\">Si vous souhaitez une pause plus paisible dans vos \u00e9tudes, le campus d\u2019Ath\u00e8nes se trouve \u00e9galement \u00e0 quelques pas de nombreux parcs (comme le Jardin National) et d\u2019espaces ouverts (tel que le mont Lycabette), et vous \u00eates \u00e0 seulement quelques minutes en bus ou en m\u00e9tro des magnifiques plages et de la mer M\u00e9diterran\u00e9e.<\/p>\n<\/div>\n<div>\n<p class=\"TableParagraph\">Bien que profond\u00e9ment ancr\u00e9e dans son h\u00e9ritage historique, Ath\u00e8nes est une ville moderne et multiculturelle, port\u00e9e par une sc\u00e8ne artistique et musicale dynamique. Parmi les festivals annuels incontournables, on retrouve l\u2019Athens Epidaurus Festival, Art Athina, le Summer Nostos Festival et le Athens Technopolis Jazz Festival.<\/p>\n<\/div>\n\n\t\t<\/div>\n\t<\/div>\n<\/div><\/div><\/div><\/div><\/div><\/div><\/div><\/div><\/div><\/div><\/div><\/div><div class=\"mkdf-row-grid-section-wrapper\"  ><div class=\"mkdf-row-grid-section\"><div class=\"vc_row wpb_row vc_row-fluid title-h5-paragraph-08 section-space\" ><div class=\"wpb_column vc_column_container vc_col-sm-12 vc_col-lg-12\"><div class=\"vc_column-inner\"><div class=\"wpb_wrapper\"><div class=\"vc_row wpb_row vc_inner vc_row-fluid\" ><div class=\"wpb_column vc_column_container vc_col-sm-6\"><div class=\"vc_column-inner\"><div class=\"wpb_wrapper\">\n\t<div class=\"wpb_text_column wpb_content_element  vc_custom_1647167700167\" >\n\t\t<div class=\"wpb_wrapper\">\n\t\t\t<h5>Epidaure<\/h5>\n\n\t\t<\/div>\n\t<\/div>\n\n\t<div class=\"wpb_text_column wpb_content_element  vc_custom_1647169473125\" >\n\t\t<div class=\"wpb_wrapper\">\n\t\t\t<p>\u00c9pidaure est l'un des sites antiques les plus importants de Gr\u00e8ce. \u00c9pidaure \u00e9tait un sanctuaire d'Ascl\u00e9pios, dieu de la gu\u00e9rison, fils d'Apollon. Pour \u00eatre exact, \u00c9pidaure \u00e9tait le centre de sant\u00e9 le plus populaire de l'Antiquit\u00e9, appel\u00e9 \"L'Ascl\u00e9pion\".<\/p>\n\n\t\t<\/div>\n\t<\/div>\n<\/div><\/div><\/div><div class=\"wpb_column vc_column_container vc_col-sm-6\"><div class=\"vc_column-inner\"><div class=\"wpb_wrapper\">\n\t<div class=\"wpb_text_column wpb_content_element  vc_custom_1647167725513\" >\n\t\t<div class=\"wpb_wrapper\">\n\t\t\t<h5>La magie des Iles<\/h5>\n\n\t\t<\/div>\n\t<\/div>\n\n\t<div class=\"wpb_text_column wpb_content_element  vc_custom_1647169480584\" >\n\t\t<div class=\"wpb_wrapper\">\n\t\t\t<p class=\"translation-block\">La Gr\u00e8ce compte de nombreuses \u00eeles, avec des estimations allant d'environ 1 200 \u00e0 6 000, selon la taille minimale \u00e0 prendre en compte. Depuis le continent, vous pouvez en rejoindre plusieurs, transformant vos week-ends en une aventure magique.<\/p>\n\n\t\t<\/div>\n\t<\/div>\n<\/div><\/div><\/div><\/div><\/div><\/div><\/div><\/div><\/div><\/div><div class=\"mkdf-row-grid-section-wrapper\"  ><div class=\"mkdf-row-grid-section\"><div class=\"vc_row wpb_row vc_row-fluid title-h5-paragraph-08 section-space\" ><div class=\"wpb_column vc_column_container vc_col-sm-12 vc_col-lg-12\"><div class=\"vc_column-inner\"><div class=\"wpb_wrapper\"><div class=\"vc_row wpb_row vc_inner vc_row-fluid\" ><div class=\"wpb_column vc_column_container vc_col-sm-6\"><div class=\"vc_column-inner\"><div class=\"wpb_wrapper\">\n\t<div class=\"wpb_text_column wpb_content_element  vc_custom_1647167860609\" >\n\t\t<div class=\"wpb_wrapper\">\n\t\t\t<h5>La mer d'Eg\u00e9e<\/h5>\n\n\t\t<\/div>\n\t<\/div>\n\n\t<div class=\"wpb_text_column wpb_content_element  vc_custom_1647169487852\" >\n\t\t<div class=\"wpb_wrapper\">\n\t\t\t<p>Dans la mythologie grecque, \u00c9g\u00e9e \u00e9tait une figure archa\u00efque du mythe fondateur d'Ath\u00e8nes. Le \"bouc-homme\" qui a donn\u00e9 son nom \u00e0 la mer \u00c9g\u00e9e\u00a0\u00e9tait, \u00e0 c\u00f4t\u00e9 de Pos\u00e9idon, le p\u00e8re de Th\u00e9s\u00e9e, le fondateur des institutions ath\u00e9niennes et l'un des rois d'Ath\u00e8nes.<\/p>\n\n\t\t<\/div>\n\t<\/div>\n<\/div><\/div><\/div><div class=\"wpb_column vc_column_container vc_col-sm-6\"><div class=\"vc_column-inner\"><div class=\"wpb_wrapper\">\n\t<div class=\"wpb_text_column wpb_content_element  vc_custom_1647168929260\" >\n\t\t<div class=\"wpb_wrapper\">\n\t\t\t<h5>La ville d'Ath\u00e8nes<\/h5>\n\n\t\t<\/div>\n\t<\/div>\n\n\t<div class=\"wpb_text_column wpb_content_element  vc_custom_1647169501286\" >\n\t\t<div class=\"wpb_wrapper\">\n\t\t\t<p>L'h\u00e9ritage de l'\u00e8re classique est toujours \u00e9vident dans la ville, repr\u00e9sent\u00e9 par des monuments anciens et des \u0153uvres d'art, le plus c\u00e9l\u00e8bre de tous \u00e9tant le Parth\u00e9non, consid\u00e9r\u00e9 comme un rep\u00e8re cl\u00e9 de la civilisation occidentale primitive. La ville conserve \u00e9galement des monuments romains et byzantins, ainsi qu'un plus petit nombre de monuments ottomans, tandis que son noyau urbain historique pr\u00e9sente des \u00e9l\u00e9ments de continuit\u00e9 \u00e0 travers ses mill\u00e9naires d'histoire.<sup id=\"cite_ref-Secular_21-0\" class=\"reference\"><\/sup> Ath\u00e8nes abrite deux sites du patrimoine mondial de l'UNESCO, l'Acropole d'Ath\u00e8nes et le monast\u00e8re m\u00e9di\u00e9val de Daphni.<\/p>\n\n\t\t<\/div>\n\t<\/div>\n<\/div><\/div><\/div><\/div><\/div><\/div><\/div><\/div><\/div><\/div><div class=\"mkdf-row-grid-section-wrapper\"  ><div class=\"mkdf-row-grid-section\"><div class=\"vc_row wpb_row vc_row-fluid three-blocs-text-img-button-06 columns-space vc_column-gap-15 vc_row-o-equal-height vc_row-flex\" ><div class=\"column-space wpb_column vc_column_container vc_col-sm-4 vc_col-has-fill\"><div class=\"vc_column-inner vc_custom_1593077548922\"><div class=\"wpb_wrapper\"><div class=\"mkdf-elements-holder  mkdf-eh-full-height  mkdf-one-column  mkdf-responsive-mode-768\" ><div class=\"mkdf-eh-item\"  data-item-class=\"mkdf-eh-custom-2629\" data-768-1024=\"0px 0px 0px 0px\" data-680-768=\"0px 0px 0px 0px\" data-680=\"0px 0px 0px 0px\">\n\t<div class=\"mkdf-eh-item-inner\">\n\t\t<div class=\"mkdf-eh-item-content mkdf-eh-custom-2629\" >\n\t\t\t<div class=\"mkdf-info-box-holder   mkdf-title-width-wide  mkdf-description-width-wide mkdf-button-skin-light\">\n\t<div class=\"mkdf-info-box-inner mkdf-info-box-custom-8173\"  data-item-class=\"mkdf-info-box-custom-8173\" data-768-1024=\"56px 47% 68px 10%\" data-680=\"56px 20% 68px 10%\">\n\t\t<div class=\"mkdf-info-box-content\">\n\t\t\t\t\t\t\t<h5 class=\"mkdf-info-box-title\" style=\"color: #ffffff\">\n\t\t\t\t\tDipl\u00f4m\u00e9s\t\t\t\t<\/h5>\n\t\t\t\t\t\t\t\t\t\t\t\t\t<p class=\"mkdf-info-box-description\" style=\"color: #ffffff\">\n\t\t\t\t\tPr\u00e9sentation des \u00e9tudiants de notre formation professionnelle de conservatoire en deux ans\t\t\t\t<\/p>\n\t\t\t\t\t\t\t\t\t\t<div class=\"mkdf-info-box-button\" >\n\t\t\t\t\t<a itemprop=\"url\" href=\"\/fr\/acting-students\/\" target=\"_self\"  class=\"mkdf-btn mkdf-btn-medium mkdf-btn-outline mkdf-btn-animation\"  >\t\t\t<span class=\"mkdf-btn-lines\">\t\t\t<span class=\"mkdf-btn-line\" ><\/span>\t\t\t<span class=\"mkdf-btn-line\" ><\/span>\t\t\t<span class=\"mkdf-btn-line\" ><\/span>\t\t\t<span class=\"mkdf-btn-line\" ><\/span>\t\t<\/span>\t\t<span class=\"mkdf-btn-text\">Nos \u00e9tudiants<\/span>    <\/a>\t\t\t\t<\/div>\n\t\t\t\t\t<\/div>\n\t<\/div>\n\t\t\t<div class=\"mkdf-info-box-image\"  style=\"background-image: url(https:\/\/fonact.com\/wp-content\/uploads\/2022\/03\/FONACT_3_AthensCampus_2.jpg)\"><\/div>\n\t<\/div>\t\t<\/div>\n\t<\/div>\n<\/div><\/div><\/div><\/div><\/div><div class=\"column-space wpb_column vc_column_container vc_col-sm-4 vc_col-has-fill\"><div class=\"vc_column-inner vc_custom_1593077553703\"><div class=\"wpb_wrapper\"><div class=\"mkdf-elements-holder    mkdf-one-column  mkdf-responsive-mode-768\" ><div class=\"mkdf-eh-item\"  data-item-class=\"mkdf-eh-custom-2023\">\n\t<div class=\"mkdf-eh-item-inner\">\n\t\t<div class=\"mkdf-eh-item-content mkdf-eh-custom-2023\" >\n\t\t\t<div class=\"mkdf-info-box-holder   mkdf-title-width-wide  mkdf-description-width-wide mkdf-button-skin-light\">\n\t<div class=\"mkdf-info-box-inner mkdf-info-box-custom-4714\"  data-item-class=\"mkdf-info-box-custom-4714\" data-768-1024=\"56px 47% 68px 10%\" data-680=\"56px 20% 68px 10%\">\n\t\t<div class=\"mkdf-info-box-content\">\n\t\t\t\t\t\t\t<h5 class=\"mkdf-info-box-title\" style=\"color: #ffffff\">\n\t\t\t\t\tNos professeurs\t\t\t\t<\/h5>\n\t\t\t\t\t\t\t\t\t\t\t\t\t<p class=\"mkdf-info-box-description\" style=\"color: #ffffff\">\n\t\t\t\t\tPr\u00e9sentation de notre \u00e9quipe internationale d\u2019enseignants, d\u2019acteurs et de metteurs en sc\u00e8ne de haut niveau.\t\t\t\t<\/p>\n\t\t\t\t\t\t\t\t\t\t<div class=\"mkdf-info-box-button\" >\n\t\t\t\t\t<a itemprop=\"url\" href=\"\/fr\/acting-teachers\/\" target=\"_self\"  class=\"mkdf-btn mkdf-btn-medium mkdf-btn-outline mkdf-btn-animation\"  >\t\t\t<span class=\"mkdf-btn-lines\">\t\t\t<span class=\"mkdf-btn-line\" ><\/span>\t\t\t<span class=\"mkdf-btn-line\" ><\/span>\t\t\t<span class=\"mkdf-btn-line\" ><\/span>\t\t\t<span class=\"mkdf-btn-line\" ><\/span>\t\t<\/span>\t\t<span class=\"mkdf-btn-text\">Nos professeurs<\/span>    <\/a>\t\t\t\t<\/div>\n\t\t\t\t\t<\/div>\n\t<\/div>\n\t\t\t<div class=\"mkdf-info-box-image\"  style=\"background-image: url(https:\/\/fonact.com\/wp-content\/uploads\/2022\/03\/FONACT_3_AthensCampus_3-1.jpg)\"><\/div>\n\t<\/div>\t\t<\/div>\n\t<\/div>\n<\/div><\/div><\/div><\/div><\/div><div class=\"column-white-texts wpb_column vc_column_container vc_col-sm-4 vc_col-has-fill\"><div class=\"vc_column-inner vc_custom_1593505338454\"><div class=\"wpb_wrapper\"><div class=\"mkdf-elements-holder    mkdf-one-column  mkdf-responsive-mode-768\" ><div class=\"mkdf-eh-item\"  data-item-class=\"mkdf-eh-custom-9346\">\n\t<div class=\"mkdf-eh-item-inner\">\n\t\t<div class=\"mkdf-eh-item-content mkdf-eh-custom-9346\" >\n\t\t\t<div class=\"mkdf-info-box-holder   mkdf-title-width-wide  mkdf-description-width-wide mkdf-button-skin-light\">\n\t<div class=\"mkdf-info-box-inner mkdf-info-box-custom-5570\"  data-item-class=\"mkdf-info-box-custom-5570\" data-768-1024=\"56px 47% 68px 10%\" data-680=\"56px 20% 68px 10%\">\n\t\t<div class=\"mkdf-info-box-content\">\n\t\t\t\t\t\t\t<h5 class=\"mkdf-info-box-title\" style=\"color: #f4f4f4\">\n\t\t\t\t\tAdmissions\t\t\t\t<\/h5>\n\t\t\t\t\t\t\t\t\t\t\t\t\t<p class=\"mkdf-info-box-description\" style=\"color: #f7f7f7\">\n\t\t\t\t\tIci d\u00e9bute votre carri\u00e8re de cr\u00e9ation artistique.\t\t\t\t<\/p>\n\t\t\t\t\t\t\t\t\t\t<div class=\"mkdf-info-box-button\" >\n\t\t\t\t\t<a itemprop=\"url\" href=\"\/fr\/fees-and-application\/#tab-full-time-acting\" target=\"_self\"  class=\"mkdf-btn mkdf-btn-medium mkdf-btn-outline mkdf-btn-animation\"  >\t\t\t<span class=\"mkdf-btn-lines\">\t\t\t<span class=\"mkdf-btn-line\" ><\/span>\t\t\t<span class=\"mkdf-btn-line\" ><\/span>\t\t\t<span class=\"mkdf-btn-line\" ><\/span>\t\t\t<span class=\"mkdf-btn-line\" ><\/span>\t\t<\/span>\t\t<span class=\"mkdf-btn-text\">En savoir plus<\/span>    <\/a>\t\t\t\t<\/div>\n\t\t\t\t\t<\/div>\n\t<\/div>\n\t\t\t<div class=\"mkdf-info-box-image\"  style=\"background-image: url(https:\/\/fonact.com\/wp-content\/uploads\/2020\/06\/untitled-00195-1-scaled.jpg)\"><\/div>\n\t<\/div>\t\t<\/div>\n\t<\/div>\n<\/div><\/div><\/div><\/div><\/div><\/div><\/div><\/div>","protected":false},"excerpt":{"rendered":"Athens Campus Athens, the birthplace of Western theatre, ancient home to generations of artists and the beating heart of European culture, is the perfect setting for you and your acting skills to thrive The Birthplace of \u00a0Western Theatre Athens \u2013 the birthplace of Western theatre \u2013 is an ideal city for our newest international campus. Studying in the [...]","protected":false},"author":1,"featured_media":6134,"parent":0,"menu_order":0,"comment_status":"closed","ping_status":"closed","template":"full-width.php","meta":{"_acf_changed":false,"footnotes":""},"class_list":["post-8213","page","type-page","status-publish","has-post-thumbnail","hentry"],"acf":[],"yoast_head":"<!-- This site is optimized with the Yoast SEO plugin v26.7 - https:\/\/yoast.com\/wordpress\/plugins\/seo\/ -->\n<title>Athens Campus - Fontainebleau School of Acting<\/title>\n<meta name=\"description\" content=\"The Fontainebleau School of Acting is an international school for motivated actors with a desire to progress their training. Our courses allow you to focus on your craft with highly qualified teachers, actors and directors. At Fonact you will enjoy a dedicated, full-time, preparatory acting program designed to inspire and prepare you for auditions.\" \/>\n<meta name=\"robots\" content=\"index, follow, max-snippet:-1, max-image-preview:large, max-video-preview:-1\" \/>\n<link rel=\"canonical\" href=\"https:\/\/fonact.com\/fr\/about-athens\/\" \/>\n<meta property=\"og:locale\" content=\"fr_FR\" \/>\n<meta property=\"og:type\" content=\"article\" \/>\n<meta property=\"og:title\" content=\"Athens Campus - Fontainebleau School of Acting\" \/>\n<meta property=\"og:description\" content=\"The Fontainebleau School of Acting is an international school for motivated actors with a desire to progress their training. Our courses allow you to focus on your craft with highly qualified teachers, actors and directors. At Fonact you will enjoy a dedicated, full-time, preparatory acting program designed to inspire and prepare you for auditions.\" \/>\n<meta property=\"og:url\" content=\"https:\/\/fonact.com\/fr\/about-athens\/\" \/>\n<meta property=\"og:site_name\" content=\"Fontainebleau School of Acting\" \/>\n<meta property=\"article:modified_time\" content=\"2025-04-23T15:35:06+00:00\" \/>\n<meta name=\"twitter:card\" content=\"summary_large_image\" \/>\n<meta name=\"twitter:label1\" content=\"Dur\u00e9e de lecture estim\u00e9e\" \/>\n\t<meta name=\"twitter:data1\" content=\"4 minutes\" \/>\n<script type=\"application\/ld+json\" class=\"yoast-schema-graph\">{\"@context\":\"https:\/\/schema.org\",\"@graph\":[{\"@type\":\"WebPage\",\"@id\":\"https:\/\/fonact.com\/about-athens\/\",\"url\":\"https:\/\/fonact.com\/about-athens\/\",\"name\":\"Athens Campus - Fontainebleau School of Acting\",\"isPartOf\":{\"@id\":\"https:\/\/fonact.com\/#website\"},\"primaryImageOfPage\":{\"@id\":\"https:\/\/fonact.com\/about-athens\/#primaryimage\"},\"image\":{\"@id\":\"https:\/\/fonact.com\/about-athens\/#primaryimage\"},\"thumbnailUrl\":\"https:\/\/fonact.com\/wp-content\/uploads\/2020\/06\/fees-and-application.png\",\"datePublished\":\"2022-03-13T10:58:15+00:00\",\"dateModified\":\"2025-04-23T15:35:06+00:00\",\"description\":\"The Fontainebleau School of Acting is an international school for motivated actors with a desire to progress their training. Our courses allow you to focus on your craft with highly qualified teachers, actors and directors. At Fonact you will enjoy a dedicated, full-time, preparatory acting program designed to inspire and prepare you for auditions.\",\"breadcrumb\":{\"@id\":\"https:\/\/fonact.com\/about-athens\/#breadcrumb\"},\"inLanguage\":\"fr-FR\",\"potentialAction\":[{\"@type\":\"ReadAction\",\"target\":[\"https:\/\/fonact.com\/about-athens\/\"]}]},{\"@type\":\"ImageObject\",\"inLanguage\":\"fr-FR\",\"@id\":\"https:\/\/fonact.com\/about-athens\/#primaryimage\",\"url\":\"https:\/\/fonact.com\/wp-content\/uploads\/2020\/06\/fees-and-application.png\",\"contentUrl\":\"https:\/\/fonact.com\/wp-content\/uploads\/2020\/06\/fees-and-application.png\",\"width\":1799,\"height\":1027},{\"@type\":\"BreadcrumbList\",\"@id\":\"https:\/\/fonact.com\/about-athens\/#breadcrumb\",\"itemListElement\":[{\"@type\":\"ListItem\",\"position\":1,\"name\":\"Home\",\"item\":\"https:\/\/fonact.com\/\"},{\"@type\":\"ListItem\",\"position\":2,\"name\":\"Athens Campus\"}]},{\"@type\":\"WebSite\",\"@id\":\"https:\/\/fonact.com\/#website\",\"url\":\"https:\/\/fonact.com\/\",\"name\":\"Fontainebleau School of Acting\",\"description\":\"\",\"potentialAction\":[{\"@type\":\"SearchAction\",\"target\":{\"@type\":\"EntryPoint\",\"urlTemplate\":\"https:\/\/fonact.com\/?s={search_term_string}\"},\"query-input\":{\"@type\":\"PropertyValueSpecification\",\"valueRequired\":true,\"valueName\":\"search_term_string\"}}],\"inLanguage\":\"fr-FR\"}]}<\/script>\n<!-- \/ Yoast SEO plugin. -->","yoast_head_json":{"title":"Athens Campus - Fontainebleau School of Acting","description":"The Fontainebleau School of Acting is an international school for motivated actors with a desire to progress their training. Our courses allow you to focus on your craft with highly qualified teachers, actors and directors. At Fonact you will enjoy a dedicated, full-time, preparatory acting program designed to inspire and prepare you for auditions.","robots":{"index":"index","follow":"follow","max-snippet":"max-snippet:-1","max-image-preview":"max-image-preview:large","max-video-preview":"max-video-preview:-1"},"canonical":"https:\/\/fonact.com\/fr\/about-athens\/","og_locale":"fr_FR","og_type":"article","og_title":"Athens Campus - Fontainebleau School of Acting","og_description":"The Fontainebleau School of Acting is an international school for motivated actors with a desire to progress their training. Our courses allow you to focus on your craft with highly qualified teachers, actors and directors. At Fonact you will enjoy a dedicated, full-time, preparatory acting program designed to inspire and prepare you for auditions.","og_url":"https:\/\/fonact.com\/fr\/about-athens\/","og_site_name":"Fontainebleau School of Acting","article_modified_time":"2025-04-23T15:35:06+00:00","twitter_card":"summary_large_image","twitter_misc":{"Dur\u00e9e de lecture estim\u00e9e":"4 minutes"},"schema":{"@context":"https:\/\/schema.org","@graph":[{"@type":"WebPage","@id":"https:\/\/fonact.com\/about-athens\/","url":"https:\/\/fonact.com\/about-athens\/","name":"Athens Campus - Fontainebleau School of Acting","isPartOf":{"@id":"https:\/\/fonact.com\/#website"},"primaryImageOfPage":{"@id":"https:\/\/fonact.com\/about-athens\/#primaryimage"},"image":{"@id":"https:\/\/fonact.com\/about-athens\/#primaryimage"},"thumbnailUrl":"https:\/\/fonact.com\/wp-content\/uploads\/2020\/06\/fees-and-application.png","datePublished":"2022-03-13T10:58:15+00:00","dateModified":"2025-04-23T15:35:06+00:00","description":"The Fontainebleau School of Acting is an international school for motivated actors with a desire to progress their training. Our courses allow you to focus on your craft with highly qualified teachers, actors and directors. At Fonact you will enjoy a dedicated, full-time, preparatory acting program designed to inspire and prepare you for auditions.","breadcrumb":{"@id":"https:\/\/fonact.com\/about-athens\/#breadcrumb"},"inLanguage":"fr-FR","potentialAction":[{"@type":"ReadAction","target":["https:\/\/fonact.com\/about-athens\/"]}]},{"@type":"ImageObject","inLanguage":"fr-FR","@id":"https:\/\/fonact.com\/about-athens\/#primaryimage","url":"https:\/\/fonact.com\/wp-content\/uploads\/2020\/06\/fees-and-application.png","contentUrl":"https:\/\/fonact.com\/wp-content\/uploads\/2020\/06\/fees-and-application.png","width":1799,"height":1027},{"@type":"BreadcrumbList","@id":"https:\/\/fonact.com\/about-athens\/#breadcrumb","itemListElement":[{"@type":"ListItem","position":1,"name":"Home","item":"https:\/\/fonact.com\/"},{"@type":"ListItem","position":2,"name":"Athens Campus"}]},{"@type":"WebSite","@id":"https:\/\/fonact.com\/#website","url":"https:\/\/fonact.com\/","name":"Fontainebleau School of Acting","description":"","potentialAction":[{"@type":"SearchAction","target":{"@type":"EntryPoint","urlTemplate":"https:\/\/fonact.com\/?s={search_term_string}"},"query-input":{"@type":"PropertyValueSpecification","valueRequired":true,"valueName":"search_term_string"}}],"inLanguage":"fr-FR"}]}},"_links":{"self":[{"href":"https:\/\/fonact.com\/fr\/wp-json\/wp\/v2\/pages\/8213","targetHints":{"allow":["GET"]}}],"collection":[{"href":"https:\/\/fonact.com\/fr\/wp-json\/wp\/v2\/pages"}],"about":[{"href":"https:\/\/fonact.com\/fr\/wp-json\/wp\/v2\/types\/page"}],"author":[{"embeddable":true,"href":"https:\/\/fonact.com\/fr\/wp-json\/wp\/v2\/users\/1"}],"replies":[{"embeddable":true,"href":"https:\/\/fonact.com\/fr\/wp-json\/wp\/v2\/comments?post=8213"}],"version-history":[{"count":0,"href":"https:\/\/fonact.com\/fr\/wp-json\/wp\/v2\/pages\/8213\/revisions"}],"wp:featuredmedia":[{"embeddable":true,"href":"https:\/\/fonact.com\/fr\/wp-json\/wp\/v2\/media\/6134"}],"wp:attachment":[{"href":"https:\/\/fonact.com\/fr\/wp-json\/wp\/v2\/media?parent=8213"}],"curies":[{"name":"wp","href":"https:\/\/api.w.org\/{rel}","templated":true}]}}